{"id":10522,"date":"2016-08-04T14:44:52","date_gmt":"2016-08-04T13:44:52","guid":{"rendered":"https:\/\/bonaveri.com\/sustainability-it\/"},"modified":"2019-08-28T13:55:18","modified_gmt":"2019-08-28T12:55:18","slug":"sustainability","status":"publish","type":"page","link":"https:\/\/bonaveri.com\/it\/sustainability\/","title":{"rendered":"Sustainability"},"content":{"rendered":"<h6>\n\t\tINNOVAZIONE | SOSTENIBILITA\n\t<\/h6>\n<h1>\n\t\tManichini Sostenibili\n\t<\/h1>\n<h5>\n\t\tIl nostro contributo alla moda sostenibile: materiali biodegradabili per le nostre collezioni di manichini.\n\t<\/h5>\n\t\t\t<a href=\"#bnatural\" target=\"_self\"   role=\"button\" rel=\"noopener noreferrer\">\n\t\t\t\t\t\t\tScopri di pi\u00f9\n\t\t<\/a>\n<h6>\n\t\tBNATURAL\n\t<\/h6>\n<h2>\n\t\tBonaveri presenta il primo manichino in BPlast\u00ae e BPaint\u00ae\n\t<\/h2>\n<h5>\n\t\tDalla canna da zucchero nasce una plastica naturale, da fonte rinnovabile, biodegradabile. Dalla natura nascono i colori.\n\t<\/h5>\n\t\t\t<a href=\"#inspiration\" target=\"_self\"   role=\"button\" rel=\"noopener noreferrer\">\n\t\t\t\t\t\t\tISPIRAZIONE\n\t\t<\/a>\n<h6>\n\t\tISPIRAZIONE\n\t<\/h6>\n<h2>\n\t\tAbbiamo sognato ad occhi aperti un modo diverso di fare le cose che amiamo.\n\t<\/h2>\n<h5>\n\t\tAbbiamo scelto la canna da zucchero per creare una plastica naturale. Il sole, il vento, l\u2019acqua l\u2019hanno fatta crescere per donarci ossigeno; la ricerca l\u2019ha trasformata in BPlast\u00ae per farne manichini.\n\t<\/h5>\n\t\t\t<a href=\"#bplast\" target=\"_self\"   role=\"button\" rel=\"noopener noreferrer\">\n\t\t\t\t\t\t\tI MATERIALI\n\t\t<\/a>\n<h6>\n\t\tBPLAST\n\t<\/h6>\n<h2>\n\t\tIl BPlast\u00ae \u00e8 una bio plastica composta per il 72% di un derivato della canna da zucchero.\n\t<\/h2>\n<h5>\n\t\tLa produzione dei manichini in BPlast\u00ae consente di ridurre le emissioni di CO2 rispetto alle plastiche di origine petrolchimica comunemente impiegate.\n\t<\/h5>\n\t\t\t<a href=\"#bpaint\" target=\"_self\"   role=\"button\" rel=\"noopener noreferrer\">\n\t\t\t\t\t\t\tBPAINT\n\t\t<\/a>\n<h6>\n\t\tBPAINT\n\t<\/h6>\n<h2>\n\t\tI manichini in BPlast\u00ae utilizzano vernici BPaint\u00ae\n\t<\/h2>\n<h5>\n\t\tUna gamma di colori realizzati in esclusiva per Bonaveri con resine ed oli al 100% di origine vegetale; tensioattivi privi di fosforo; solvente di origine vegetale ottenuto al 100% da bucce di arancia; essiccante privo di sali di cobalto e nafta.\n\t<\/h5>\n\t\t\t<a href=\"#vision\" target=\"_self\"   role=\"button\" rel=\"noopener noreferrer\">\n\t\t\t\t\t\t\tFILOSOFIA\n\t\t<\/a>\n<h3>\n\t\tPerch\u00e9 le mode passano, ma la natura resta.\n\t<\/h3>\n\t<iframe loading=\"lazy\" src=\"https:\/\/player.vimeo.com\/video\/182529825?app_id=122963\" width=\"500\" height=\"281\" frameborder=\"0\" title=\"BNatural by Bonaveri\" webkitallowfullscreen mozallowfullscreen allowfullscreen><\/iframe>\n<h3>\n\t\tLa ricerca della qualit\u00e0 \u00e8 da sempre al centro del nostro lavoro.\n\t<\/h3>\n\t<p>Non ci pu\u00f2 essere qualit\u00e0 senza responsabilit\u00e0. Con questa consapevolezza, nel 2012 abbiamo avviato un progetto di ricerca dedicato a ridurre le emissioni di CO2 e l\u2019impronta ambientale della Bonaveri.<\/p>\n<p>Per questo abbiamo incaricato il Politecnico di Milano di svolgere l\u2019analisi ciclo di vita dei nostri manichini, esaminando e misurando l\u2019impatto di ogni singola fase del nostro lavoro: dalla pre-produzione alla produzione industriale, dall\u2019imballaggio alla spedizione dei prodotti in giro per il mondo.<\/p>\n<p>Sulla base di questi risultati abbiamo definito una strategia dedicata ad agire sui fattori responsabili del maggior impatto ambientale dei nostri prodotti: la materia prima e il fine vita.<\/p>\n\t<p>La filiera e il sistema di produzione BONAVERI sono stati controllati secondo i principi del GCC di Eco-Age dedicati a valutare e misurare il rispetto dei principi di sostenibilit\u00e0 etica, ambientale e sociale.<\/p>\n<p>BPlast e BPaint non sono un punto di arrivo, ma un primo passo verso un modo diverso di concepire il nostro lavoro, per coniugare etica ed estetica e testimoniare che un futuro diverso \u00e8 possibile.<\/p>\n<h3>\n\t\tE\u2019 stato un percorso difficile e pieno di sorprese, ma grazie a impegno e competenza siamo oggi in grado di offrire ai nostri clienti un prodotto egualmente sostenibile quanto esteticamente ineccepibile.\n\t<\/h3>\n<h6>\n\t\tINNOVATION\n\t<\/h6>\n<h2>\n\t\tUn prodotto veramente certificato\n\t<\/h2>\n<h5>\n\t\tBNATURAL si basa su ricerche comprovate e accreditate da organismi indipendenti.\n\t<\/h5>\n\t\t\t<a href=\"#tech\" target=\"_self\"   role=\"button\" rel=\"noopener noreferrer\">\n\t\t\t\t\t\t\tInformazioni Tecniche\n\t\t<\/a>\n<h3>\n\t\tInformazioni Tecniche\n\t<\/h3>\n\t\t\t\t\t\t\t\t\t\t\t\t\tBPLAST\n\t\t\t\t\t\t\t\t\t\t\t\t\tBPAINT\n\t\t\t\t\t\t\t\t\t\t\t\t\tLife Cycle Assessment\n\t\t\t\t\t\t\t\t\t\t\t\t\t\t\t\tBPLAST\n\t\t\t\t<div class=\"fl-builder-content fl-builder-content-6892 fl-builder-template fl-builder-layout-it-template fl-builder-global-templates-locked\" data-post-id=\"6892\"><div class=\"fl-row fl-row-fixed-width fl-row-bg-none fl-node-57d6d41287cc2 fl-row-default-height fl-row-align-center\" data-node=\"57d6d41287cc2\">\n\t<div class=\"fl-row-content-wrap\">\n\t\t\t\t\t\t<div class=\"fl-row-content fl-row-fixed-width fl-node-content\">\n\t\t\n<div class=\"fl-col-group fl-node-57d6d41289659\" data-node=\"57d6d41289659\">\n\t\t\t<div class=\"fl-col fl-node-57d6d412897ae fl-col-bg-color\" data-node=\"57d6d412897ae\">\n\t<div class=\"fl-col-content fl-node-content\"><div class=\"fl-module fl-module-rich-text fl-node-57d6d41a8d0c8\" data-node=\"57d6d41a8d0c8\">\n\t<div class=\"fl-module-content fl-node-content\">\n\t\t<div class=\"fl-rich-text\">\n\t<p>4 anni di ricerca hanno portato a selezionare e registrare un biopolimero in PLA come il materiale pi\u00f9 adatto al processo produttivo dei manichini. Il BPlast\u00ae \u00e8 una bio plastica composta per il l\u201972% di un derivato della canna da zucchero che ha ottenuto la certificazione OK BIOBASED 3 stelle dall\u2019ente di certificazione belga Vin\u00e7otte.<\/p>\n<p>La produzione dei manichini in BPlast\u00ae consente di ridurre le emissioni di CO2 rispetto alle plastiche di origine petrolchimica comunemente impiegate.<\/p>\n<\/div>\n\t<\/div>\n<\/div>\n<\/div>\n<\/div>\n\t\t\t<div class=\"fl-col fl-node-57d6d412897f5 fl-col-bg-color fl-col-small\" data-node=\"57d6d412897f5\">\n\t<div class=\"fl-col-content fl-node-content\"><div class=\"fl-module fl-module-photo fl-node-57d6d42498112\" data-node=\"57d6d42498112\">\n\t<div class=\"fl-module-content fl-node-content\">\n\t\t<div role=\"figure\" class=\"fl-photo fl-photo-align-center\" itemscope itemtype=\"https:\/\/schema.org\/ImageObject\">\n\t<div class=\"fl-photo-content fl-photo-img-png\">\n\t\t\t\t<img loading=\"lazy\" decoding=\"async\" class=\"fl-photo-img wp-image-6791 size-full\" src=\"https:\/\/bonaveri.com\/wp-content\/uploads\/2016\/08\/bplast@0.5.png\" alt=\"bplast0-5\" height=\"55\" width=\"225\" title=\"bplast0-5\"  itemprop=\"image\" \/>\n\t\t\t\t\t<\/div>\n\t<\/div>\n\t<\/div>\n<\/div>\n<div class=\"fl-module fl-module-photo fl-node-57d6d433378d6\" data-node=\"57d6d433378d6\">\n\t<div class=\"fl-module-content fl-node-content\">\n\t\t<div role=\"figure\" class=\"fl-photo fl-photo-align-center\" itemscope itemtype=\"https:\/\/schema.org\/ImageObject\">\n\t<div class=\"fl-photo-content fl-photo-img-png\">\n\t\t\t\t<img loading=\"lazy\" decoding=\"async\" class=\"fl-photo-img wp-image-10490 size-medium\" src=\"https:\/\/bonaveri.com\/wp-content\/uploads\/2016\/09\/S0596_OKbiobased_3-1-300x150.png\" alt=\"S0596_OKbiobased_3\" height=\"150\" width=\"300\" title=\"S0596_OKbiobased_3\"  itemprop=\"image\" srcset=\"https:\/\/bonaveri.com\/wp-content\/uploads\/2016\/09\/S0596_OKbiobased_3-1-300x150.png 300w, https:\/\/bonaveri.com\/wp-content\/uploads\/2016\/09\/S0596_OKbiobased_3-1-1024x512.png 1024w, https:\/\/bonaveri.com\/wp-content\/uploads\/2016\/09\/S0596_OKbiobased_3-1.png 1067w\" sizes=\"auto, (max-width: 300px) 100vw, 300px\" \/>\n\t\t\t\t\t<\/div>\n\t<\/div>\n\t<\/div>\n<\/div>\n<\/div>\n<\/div>\n\t<\/div>\n\t\t<\/div>\n\t<\/div>\n<\/div>\n<\/div>\n\t\t\t\t\t\t\t\t\t\t\t\t\t\t\t\tBPAINT\n\t\t\t\t<div class=\"fl-builder-content fl-builder-content-6890 fl-builder-template fl-builder-layout-it-template fl-builder-global-templates-locked\" data-post-id=\"6890\"><div class=\"fl-row fl-row-fixed-width fl-row-bg-none fl-node-57d6d5437bac0 fl-row-default-height fl-row-align-center\" data-node=\"57d6d5437bac0\">\n\t<div class=\"fl-row-content-wrap\">\n\t\t\t\t\t\t<div class=\"fl-row-content fl-row-fixed-width fl-node-content\">\n\t\t\n<div class=\"fl-col-group fl-node-57d6d5437da45\" data-node=\"57d6d5437da45\">\n\t\t\t<div class=\"fl-col fl-node-57d6d5437dc50 fl-col-bg-color\" data-node=\"57d6d5437dc50\">\n\t<div class=\"fl-col-content fl-node-content\"><div class=\"fl-module fl-module-rich-text fl-node-57d6d54834513\" data-node=\"57d6d54834513\">\n\t<div class=\"fl-module-content fl-node-content\">\n\t\t<div class=\"fl-rich-text\">\n\t<p>BPaint\u00ae \u00e8 la prima vernice biocompatibile composta esclusivamente da sostanze organiche rinnovabili. BPaint\u00ae \u00e8 composta al 100% da materie prime di origine naturale. Nella sua formulazione non \u00e8 stato ammesso l\u2019utilizzo di sostanze che provengano dal petrolio, neanche in basse concentrazioni. Ci\u00f2 rappresenta un\u2019innovazione assoluta per la possibilit\u00e0 di utilizzare vernici naturali con le stesse performance di qualit\u00e0 di quelle a base petrolchimica. BPaint\u00ae contiene:<\/p>\n<ul>\n<li>resine ed oli di origine vegetale<\/li>\n<li>tensioattivi di origine vegetale che non contengono fosforo<\/li>\n<li>solvente di origine 100% vegetale ottenuto da bucce d\u2019arancia con sistemi fisici<\/li>\n<li>essiccante privo di sali di Cobalto e nafta, basato su una nuova tecnologia in acqua.<\/li>\n<\/ul>\n<\/div>\n\t<\/div>\n<\/div>\n<\/div>\n<\/div>\n\t\t\t<div class=\"fl-col fl-node-57d6d5437dca9 fl-col-bg-color fl-col-small\" data-node=\"57d6d5437dca9\">\n\t<div class=\"fl-col-content fl-node-content\"><div class=\"fl-module fl-module-photo fl-node-57d6d55077232\" data-node=\"57d6d55077232\">\n\t<div class=\"fl-module-content fl-node-content\">\n\t\t<div role=\"figure\" class=\"fl-photo fl-photo-align-center\" itemscope itemtype=\"https:\/\/schema.org\/ImageObject\">\n\t<div class=\"fl-photo-content fl-photo-img-png\">\n\t\t\t\t<img loading=\"lazy\" decoding=\"async\" class=\"fl-photo-img wp-image-6790 size-full\" src=\"https:\/\/bonaveri.com\/wp-content\/uploads\/2016\/08\/bpaint@0.5-1.png\" alt=\"bpaint0-5\" height=\"55\" width=\"225\" title=\"bpaint0-5\"  itemprop=\"image\" \/>\n\t\t\t\t\t<\/div>\n\t<\/div>\n\t<\/div>\n<\/div>\n<div class=\"fl-module fl-module-photo fl-node-580f136eb309d\" data-node=\"580f136eb309d\">\n\t<div class=\"fl-module-content fl-node-content\">\n\t\t<div role=\"figure\" class=\"fl-photo fl-photo-align-center\" itemscope itemtype=\"https:\/\/schema.org\/ImageObject\">\n\t<div class=\"fl-photo-content fl-photo-img-png\">\n\t\t\t\t<img loading=\"lazy\" decoding=\"async\" class=\"fl-photo-img wp-image-10491 size-medium\" src=\"https:\/\/bonaveri.com\/wp-content\/uploads\/2016\/09\/S0596_OKbiobased_4-1-300x150.png\" alt=\"S0596_OKbiobased_4\" height=\"150\" width=\"300\" title=\"S0596_OKbiobased_4\"  itemprop=\"image\" srcset=\"https:\/\/bonaveri.com\/wp-content\/uploads\/2016\/09\/S0596_OKbiobased_4-1-300x150.png 300w, https:\/\/bonaveri.com\/wp-content\/uploads\/2016\/09\/S0596_OKbiobased_4-1-1024x512.png 1024w, https:\/\/bonaveri.com\/wp-content\/uploads\/2016\/09\/S0596_OKbiobased_4-1.png 1067w\" sizes=\"auto, (max-width: 300px) 100vw, 300px\" \/>\n\t\t\t\t\t<\/div>\n\t<\/div>\n\t<\/div>\n<\/div>\n<\/div>\n<\/div>\n\t<\/div>\n\t\t<\/div>\n\t<\/div>\n<\/div>\n<\/div>\n\t\t\t\t\t\t\t\t\t\t\t\t\t\t\t\tLife Cycle Assessment\n\t\t\t\t<div class=\"fl-builder-content fl-builder-content-6964 fl-builder-template fl-builder-layout-it-template fl-builder-global-templates-locked\" data-post-id=\"6964\"><div class=\"fl-row fl-row-fixed-width fl-row-bg-none fl-node-57da7f04a3e2f fl-row-default-height fl-row-align-center\" data-node=\"57da7f04a3e2f\">\n\t<div class=\"fl-row-content-wrap\">\n\t\t\t\t\t\t<div class=\"fl-row-content fl-row-fixed-width fl-node-content\">\n\t\t\n<div class=\"fl-col-group fl-node-57da7f04a5cba\" data-node=\"57da7f04a5cba\">\n\t\t\t<div class=\"fl-col fl-node-57da7f04a60a8 fl-col-bg-color\" data-node=\"57da7f04a60a8\">\n\t<div class=\"fl-col-content fl-node-content\"><div class=\"fl-module fl-module-rich-text fl-node-57da7f0d847ad\" data-node=\"57da7f0d847ad\">\n\t<div class=\"fl-module-content fl-node-content\">\n\t\t<div class=\"fl-rich-text\">\n\t<p>Il <em><strong>Politecnico di Milano<\/strong><\/em> - Gruppo di Ricerca DIS - Design and system Innovation for Sustainability - Dipartimento DESIGN LeNS \u2013 the Learning Network of Sustainability \u2013ha condotto l\u2019analisi del ciclo di vita dei manichini \u2013 per la mappatura dell\u2019impronta ambientale della Bonaveri e la definizione di tempi e strumenti per ridurla progressivamente.<\/p>\n<p>Il gruppo di ricerca coordinato dal Professor <em><strong>Carlo Vezzoli<\/strong><\/em>, ha operato seguendo la metodologia della <strong><em>Life Cycle Assessment<\/em><\/strong> (LCA | norme ISO della serie 14040, 14044, 14045, 14047, 14048, 14049) che permette di individuare i diversi impatti in relazione alle fasi e ai processi del ciclo di vita del sistema-prodotto prescelto.<br \/>\nLa valutazione di impatto ambientale in particolare \u00e8 finalizzata a porre le basi per la definizione degli indicatori di priorit\u00e0 di intervento progettuale.<br \/>\nTali valutazioni sono state raccolte nel \u201cManuale di linee guida per la progettazione a basso impatto ambientale dei manichini Bonaveri\u201d che il Politecnico ha redatto coerentemente con l\u2019approccio progettuale del Life Cycle Design (LCD) e con la normativa ISO 14062 \u2013 Integrazione degli aspetti ambientali nella progettazione e nello sviluppo del prodotto.<br \/>\nL\u2019obiettivo della Life Cycle Design (LCD) \u00e8 di ridurre le risorse impiegate e le emissioni in tutte le fasi del ciclo di vita del prodotto (pre-produzione, produzione, distribuzione, uso e dismissione) in relazione all\u2019unit\u00e0 funzionale.<\/p>\n<h2>DEFINIZIONE DELL\u2019UNIT\u00c0 FUNZIONALE<\/h2>\n<p>Per svolgere l\u2019analisi del ciclo di vita dei manichini Bonaveri \u00e8 stata definita una unit\u00e0 funzionale, ovvero il servizio\/funzione che il manichino fornisce. Questa permette il confronto in termini di impatto ambientale di sistemi differenti ma funzionalmente equivalenti; ovvero tutti i processi sono valutati in relazione a una funzione equivalente.<\/p>\n<p>Nella LCA dei Manichini Bonaveri sono stati inventariati i processi di tutte le fasi del ciclo di vita.<br \/>\nIn particolare nello studio i processi considerati sono i seguenti:<\/p>\n<h3>FASI DI PRE-PRODUZIONE E PRODUZIONE:<\/h3>\n<ul>\n<li>la produzione dei materiali<\/li>\n<li>le lavorazioni dei suddetti materiali per trasformarli i componenti (anche quelle<br \/>\nsvolte esternamente all\u2019azienda)<\/li>\n<li>gli scarti di lavorazione<\/li>\n<li>la dismissione degli scarti<\/li>\n<li>il trasporto dei semilavorati (tra fornitori e Bonaveri).<\/li>\n<li>la fase di distribuzione:<\/li>\n<li>il ciclo di vita (pre-produzione, produzione, distribuzione e dismissione) degli imballaggi primari e secondari<\/li>\n<li>il trasporto del prodotto finito dalla Bonaveri al magazzino indicato dal cliente e\/o direttamente al luogo di uso del manichino (punto vendita e\/o esposizione di vestiti)<\/li>\n<\/ul>\n<h3>FASI D\u2019USO:<\/h3>\n<ul>\n<li>operazioni di servizio: manutenzione, intervento sul posto e riparazione, sostituzione in azienda, ovvero trasporti e ciclo di vita dei componenti sostituiti.<\/li>\n<\/ul>\n<h3>FASE DI DISMISSIONE:<\/h3>\n<ul>\n<li>i processi di trattamento a fine vita dei Manichini Bonaveri.<\/li>\n<\/ul>\n<\/div>\n\t<\/div>\n<\/div>\n<\/div>\n<\/div>\n\t\t\t<div class=\"fl-col fl-node-57da7f04a60f0 fl-col-bg-color fl-col-small\" data-node=\"57da7f04a60f0\">\n\t<div class=\"fl-col-content fl-node-content\"><div class=\"fl-module fl-module-photo fl-node-57da7f17cdfa7\" data-node=\"57da7f17cdfa7\">\n\t<div class=\"fl-module-content fl-node-content\">\n\t\t<div role=\"figure\" class=\"fl-photo fl-photo-align-center\" itemscope itemtype=\"https:\/\/schema.org\/ImageObject\">\n\t<div class=\"fl-photo-content fl-photo-img-png\">\n\t\t\t\t<img loading=\"lazy\" decoding=\"async\" class=\"fl-photo-img wp-image-6962 size-full\" src=\"https:\/\/bonaveri.com\/wp-content\/uploads\/2016\/09\/politecnico-logo.png\" alt=\"politecnico-logo\" height=\"125\" width=\"341\" title=\"politecnico-logo\"  itemprop=\"image\" \/>\n\t\t\t\t\t<\/div>\n\t<\/div>\n\t<\/div>\n<\/div>\n<\/div>\n<\/div>\n\t<\/div>\n\t\t<\/div>\n\t<\/div>\n<\/div>\n<\/div>\n<h6>\n\t\tCREARE IL NOSTRO FUTURO\n\t<\/h6>\n<h2>\n\t\tPerch\u00e9 le mode passano, ma la natura resta.\n\t<\/h2>\n\t\t\t<a href=\"#bon-toprow\" target=\"_self\"   role=\"button\" rel=\"noopener noreferrer\">\n\t\t\t\t\t\t\tTORNA ALL&#8217;INIZIO\n\t\t<\/a>\n","protected":false},"excerpt":{"rendered":"<p>INNOVAZIONE | SOSTENIBILITA Manichini Sostenibili Il nostro contributo alla moda sostenibile: materiali biodegradabili per le nostre collezioni di manichini. Scopri di pi\u00f9 BNATURAL Bonaveri presenta il primo manichino in BPlast\u00ae e BPaint\u00ae Dalla canna da zucchero nasce una plastica naturale, da fonte rinnovabile, biodegradabile. Dalla natura nascono i colori. ISPIRAZIONE ISPIRAZIONE Abbiamo sognato ad occhi [&hellip;]<\/p>\n","protected":false},"author":1,"featured_media":0,"parent":0,"menu_order":0,"comment_status":"closed","ping_status":"closed","template":"","meta":{"_acf_changed":false,"site-sidebar-layout":"no-sidebar","site-content-layout":"page-builder","ast-site-content-layout":"full-width-container","site-content-style":"unboxed","site-sidebar-style":"unboxed","ast-global-header-display":"","ast-banner-title-visibility":"","ast-main-header-display":"","ast-hfb-above-header-display":"","ast-hfb-below-header-display":"","ast-hfb-mobile-header-display":"","site-post-title":"disabled","ast-breadcrumbs-content":"","ast-featured-img":"disabled","footer-sml-layout":"","ast-disable-related-posts":"","theme-transparent-header-meta":"default","adv-header-id-meta":"","stick-header-meta":"default","header-above-stick-meta":"","header-main-stick-meta":"","header-below-stick-meta":"","astra-migrate-meta-layouts":"default","ast-page-background-enabled":"default","ast-page-background-meta":{"desktop":{"background-color":"","background-image":"","background-repeat":"repeat","background-position":"center center","background-size":"auto","background-attachment":"scroll","background-type":"","background-media":"","overlay-type":"","overlay-color":"","overlay-opacity":"","overlay-gradient":""},"tablet":{"background-color":"","background-image":"","background-repeat":"repeat","background-position":"center center","background-size":"auto","background-attachment":"scroll","background-type":"","background-media":"","overlay-type":"","overlay-color":"","overlay-opacity":"","overlay-gradient":""},"mobile":{"background-color":"","background-image":"","background-repeat":"repeat","background-position":"center center","background-size":"auto","background-attachment":"scroll","background-type":"","background-media":"","overlay-type":"","overlay-color":"","overlay-opacity":"","overlay-gradient":""}},"ast-content-background-meta":{"desktop":{"background-color":"var(--ast-global-color-5)","background-image":"","background-repeat":"repeat","background-position":"center center","background-size":"auto","background-attachment":"scroll","background-type":"","background-media":"","overlay-type":"","overlay-color":"","overlay-opacity":"","overlay-gradient":""},"tablet":{"background-color":"var(--ast-global-color-5)","background-image":"","background-repeat":"repeat","background-position":"center center","background-size":"auto","background-attachment":"scroll","background-type":"","background-media":"","overlay-type":"","overlay-color":"","overlay-opacity":"","overlay-gradient":""},"mobile":{"background-color":"var(--ast-global-color-5)","background-image":"","background-repeat":"repeat","background-position":"center center","background-size":"auto","background-attachment":"scroll","background-type":"","background-media":"","overlay-type":"","overlay-color":"","overlay-opacity":"","overlay-gradient":""}},"footnotes":""},"class_list":["post-10522","page","type-page","status-publish","hentry"],"acf":{"page_label":""},"_links":{"self":[{"href":"https:\/\/bonaveri.com\/it\/wp-json\/wp\/v2\/pages\/10522","targetHints":{"allow":["GET"]}}],"collection":[{"href":"https:\/\/bonaveri.com\/it\/wp-json\/wp\/v2\/pages"}],"about":[{"href":"https:\/\/bonaveri.com\/it\/wp-json\/wp\/v2\/types\/page"}],"author":[{"embeddable":true,"href":"https:\/\/bonaveri.com\/it\/wp-json\/wp\/v2\/users\/1"}],"replies":[{"embeddable":true,"href":"https:\/\/bonaveri.com\/it\/wp-json\/wp\/v2\/comments?post=10522"}],"version-history":[{"count":0,"href":"https:\/\/bonaveri.com\/it\/wp-json\/wp\/v2\/pages\/10522\/revisions"}],"wp:attachment":[{"href":"https:\/\/bonaveri.com\/it\/wp-json\/wp\/v2\/media?parent=10522"}],"curies":[{"name":"wp","href":"https:\/\/api.w.org\/{rel}","templated":true}]}}