{"id":22571,"date":"2021-08-31T07:59:57","date_gmt":"2021-08-31T06:59:57","guid":{"rendered":"https:\/\/bonaveri.com\/?page_id=22571"},"modified":"2024-12-12T20:25:47","modified_gmt":"2024-12-12T20:25:47","slug":"compliance","status":"publish","type":"page","link":"https:\/\/bonaveri.com\/it\/compliance\/","title":{"rendered":"Compliance"},"content":{"rendered":"\n<h2>\n\t\tObblighi Di Transparenza\n\t<\/h2>\n<h4>\n\t\tPubblicazione dei Contributi Pubblici\n\t<\/h4>\n<h5>\n\t\tRicevuti nel 2020 ex legge 124\/2017\n\t<\/h5>\n\t<p>Ai sensi dell&#8217;art.1, comma 125-bis della legge 4 agosto 2017 n.124, si fornisce informativa relativa a &#8221; sovvenzioni, sussidi, vantaggi, contributi o aiuti, in denaro o in natura non aventi carattere generale e privi di natura corrispettiva, retributiva o risarcitoria, di importo superiore a \u20ac 10.000,00<\/p>\n<table  data-tablesaw-minimap>\n\t\t\t<thead>\n\t\t<tr>\n\t\t\t<th id=\"pp-table-col-1\" scope=\"col\" data-tablesaw-sortable-col>\t\t\t\t\t\n\t\t\t\t\t\t\t\t\t\t\t\tENTE EROGANTE\t\t\t\t\t\n\t\t\t\t\t<\/th><th id=\"pp-table-col-2\" scope=\"col\" data-tablesaw-sortable-col>\t\t\t\t\t\n\t\t\t\t\t\t\t\t\t\t\t\tIMPORTO EROGATO\t\t\t\t\t\n\t\t\t\t\t<\/th><th id=\"pp-table-col-3\" scope=\"col\" data-tablesaw-sortable-col>\t\t\t\t\t\n\t\t\t\t\t\t\t\t\t\t\t\tDATA INCASSO\t\t\t\t\t\n\t\t\t\t\t<\/th><th id=\"pp-table-col-4\" scope=\"col\" data-tablesaw-sortable-col>\t\t\t\t\t\n\t\t\t\t\t\t\t\t\t\t\t\tTITOLO\/BANDO\/MISURA\t\t\t\t\t\n\t\t\t\t\t<\/th>\t\t<\/tr>\n\t<\/thead>\n\t\t<tbody>\n\t\t<tr data-row-index=\"1\"><td>INAIL &#8211; REGIONE EMILIA ROMAGNA<\/td><td>\u20ac 81.250,00<\/td><td>27\/05\/2021<\/td><td>Avviso Pubblico ISI 2018\nCODICE DOMANDA : ISI N.I1818-000291<\/td><\/tr><tr data-row-index=\"2\"><td>REGIONE EMILIA ROMAGNA<\/td><td>\u20ac 40.058,55<\/td><td>31\/05\/21<\/td><td>ORDINANZA N.5\/2019 &#8211; &#8221; Interventi a favore della ricerca industriale delle imprese operanti nelle filiere maggiormente coinvolte dagli eventi sismici del maggio 2012&#8243;<\/td><\/tr><tr data-row-index=\"3\"><td>crediti di imposta da agevolazioni<\/td><td>\u20ac 2.723,00<\/td><td>16\/10\/2020<\/td><td>Credito di imposta &#8211; investimenti pubblicitari incrementali stamap quotidiana e periodica anche on line, emittenti televisive e radiofoniche locali, analogiche o digitali- articolo 57-bis, comma 1, DL 24 aprile 2017, n. 50 e successive modifiche<\/td><\/tr><tr data-row-index=\"4\"><td>REGIONE EMILIA ROMAGNA<\/td><td>\u20ac 27.248,51<\/td><td>14\/06\/2022<\/td><td>ORDINANZA N.5\/2019. &#8220;Interventi a favore della ricerca industriale delle imprese operanti nelle filiere maggiormente coinvolte dagli eventi sismici del maggio 2012&#8221;<\/td><\/tr>\t<\/tbody>\n<\/table>\n<h2>\n\t\tComunicazione a tutti i Destinatari\n\t<\/h2>\n<h4>\n\t\tCanali Whistleblowing\n\t<\/h4>\n\t<p>Bonaveri Srl, in attuazione del d.lgs. n. 24 del 10 marzo 2023, emanato in attuazione del in attuazione della Direttiva (UE) 2019\/1937, e riguardante &#8220;la protezione delle persone che segnalano violazioni del diritto dell&#8217;Unione e recante disposizioni riguardanti la protezione delle persone che segnalano violazioni delle disposizioni normative nazionali&#8221;, ha rinnovato il proprio sistema di tutela dei soggetti che denunciano la commissione di reati all&#8217;interno della societ\u00e0.<\/p>\n<p>Per tale esigenza \u00e8 stato individuato quale responsabile della procedura l&#8217;Avv. Francesco De Sanzuane, designato alla ricezione e valutazione delle segnalazioni.<\/p>\n<p>Si potr\u00e0 dunque contattare il destinatario tramite comunicazione da rivolgere a:<\/p>\n\t<ol>\n<li>l&#8217;indirizzo whistleblowing@bonaveri.com; resta inteso che l&#8217; indirizzo di posta elettronica \u00e8 gestito esclusivamente dal Destinatario a tutela della riservatezza del segnalante;<\/li>\n<li>lettera o nota inviata in busta chiusa tramite il servizio postale o il servizio di posta interna (cassetta interna, per i segnalanti operanti all&#8217;interno della Societ\u00e0 ove da quest&#8217;ultima messa a disposizione), indirizzata presso la sede legale della Societ\u00e0, all&#8217;attenzione del Destinatario con la dicitura &#8220;Riservata Destinatario Whistleblowing di Bonaveri Srl&#8221; o &#8220;Riservata Organismo di Vigilanza di Bonaveri Srl&#8221;; all&#8217;interno della busta contenente la segnalazione deve essere inserita un&#8217;altra busta contenente i dati identificativi del segnalante. L&#8217;ufficio protocollo della Societ\u00e0 o il soggetto che raccoglie le comunicazioni lasciate nella cassetta interna non deve assolutamente aprire la busta e la segnatura del protocollo \u00e8 effettuata sulla busta chiusa. Tale busta dovr\u00e0 essere tempestivamente recapitata al Destinatario o all&#8217;Organismo di Vigilanza qualora presente, e da quest&#8217;ultimo archiviata e conservata;<\/li>\n<li>in forma orale, alternativamente attraverso la linea telefonica dedicata, ivi riportata ed altres\u00ec scritta in bacheca &#8211; +(39) 347 369 11 86 &#8211; dotata altres\u00ec di sistemi di messaggistica vocale o tramite incontro diretto, su espressa richiesta del segnalante; ed in alternativa eventuale con<\/li>\n<li>comunicazione inviata attraverso una apposita piattaforma informatica, qualora e laddove messa a disposizione e comunicata agli interessati.<\/li>\n<\/ol>\n\t<p>Qualora la segnalazione dovesse avvenire con il gi\u00e0 menzionato strumento informatico, i dati identificativi del segnalante saranno separati dal contenuto della segnalazione e conservati in maniera disgiunta dalla stessa, mediante adozione di un sistema crittografico. L&#8217;identit\u00e0 del segnalante potr\u00e0 essere recuperata nei casi in cui ci\u00f2 sia necessario per la difesa del segnalato o nell&#8217;ambito di un eventuale procedimento (disciplinare, penale etc.) a suo carico.<\/p>\n<p>Nel caso dovessero ricorrere le ipotesi di cui all&#8217;art. 6 del d.lgs. n. 24 del 10 marzo 2023, il segnalante potr\u00e0 rivolversi alle autorit\u00e0 competenti designate dalla nuova normativa, il c.d. canale esterno, ovvero:<\/p>\n<ul>\n<li>A.N.A.C, tramite il portale dedicato al sito web dell&#8217;Agenzia www.anac.it; oppure provvedere<\/li>\n<li>per Divulgazioni Pubbliche o Denunce all&#8217;autorit\u00e0 giudiziaria e contabile<\/li>\n<\/ul>\n\n","protected":false},"excerpt":{"rendered":"<p>Obblighi Di Transparenza Pubblicazione dei Contributi Pubblici Ricevuti nel 2020 ex legge 124\/2017 Ai sensi dell&#8217;art.1, comma 125-bis della legge 4 agosto 2017 n.124, si fornisce informativa relativa a &#8221; sovvenzioni, sussidi, vantaggi, contributi o aiuti, in denaro o in natura non aventi carattere generale e privi di natura corrispettiva, retributiva o risarcitoria, di importo [&hellip;]<\/p>\n","protected":false},"author":1,"featured_media":0,"parent":0,"menu_order":0,"comment_status":"closed","ping_status":"closed","template":"","meta":{"_acf_changed":false,"site-sidebar-layout":"default","site-content-layout":"default","ast-site-content-layout":"default","site-content-style":"default","site-sidebar-style":"default","ast-global-header-display":"","ast-banner-title-visibility":"","ast-main-header-display":"","ast-hfb-above-header-display":"","ast-hfb-below-header-display":"","ast-hfb-mobile-header-display":"","site-post-title":"disabled","ast-breadcrumbs-content":"","ast-featured-img":"","footer-sml-layout":"","ast-disable-related-posts":"","theme-transparent-header-meta":"default","adv-header-id-meta":"","stick-header-meta":"default","header-above-stick-meta":"","header-main-stick-meta":"","header-below-stick-meta":"","astra-migrate-meta-layouts":"set","ast-page-background-enabled":"enabled","ast-page-background-meta":{"desktop":{"background-color":"var(--ast-global-color-5)","background-image":"","background-repeat":"repeat","background-position":"center center","background-size":"auto","background-attachment":"scroll","background-type":"color","background-media":"","overlay-type":"","overlay-color":"","overlay-opacity":"","overlay-gradient":""},"tablet":{"background-color":"","background-image":"","background-repeat":"repeat","background-position":"center center","background-size":"auto","background-attachment":"scroll","background-type":"","background-media":"","overlay-type":"","overlay-color":"","overlay-opacity":"","overlay-gradient":""},"mobile":{"background-color":"","background-image":"","background-repeat":"repeat","background-position":"center center","background-size":"auto","background-attachment":"scroll","background-type":"","background-media":"","overlay-type":"","overlay-color":"","overlay-opacity":"","overlay-gradient":""}},"ast-content-background-meta":{"desktop":{"background-color":"var(--ast-global-color-5)","background-image":"","background-repeat":"repeat","background-position":"center center","background-size":"auto","background-attachment":"scroll","background-type":"","background-media":"","overlay-type":"","overlay-color":"","overlay-opacity":"","overlay-gradient":""},"tablet":{"background-color":"var(--ast-global-color-5)","background-image":"","background-repeat":"repeat","background-position":"center center","background-size":"auto","background-attachment":"scroll","background-type":"color","background-media":"","overlay-type":"","overlay-color":"","overlay-opacity":"","overlay-gradient":""},"mobile":{"background-color":"var(--ast-global-color-5)","background-image":"","background-repeat":"repeat","background-position":"center center","background-size":"auto","background-attachment":"scroll","background-type":"","background-media":"","overlay-type":"","overlay-color":"","overlay-opacity":"","overlay-gradient":""}},"footnotes":""},"class_list":["post-22571","page","type-page","status-publish","hentry"],"acf":{"page_label":""},"_links":{"self":[{"href":"https:\/\/bonaveri.com\/it\/wp-json\/wp\/v2\/pages\/22571","targetHints":{"allow":["GET"]}}],"collection":[{"href":"https:\/\/bonaveri.com\/it\/wp-json\/wp\/v2\/pages"}],"about":[{"href":"https:\/\/bonaveri.com\/it\/wp-json\/wp\/v2\/types\/page"}],"author":[{"embeddable":true,"href":"https:\/\/bonaveri.com\/it\/wp-json\/wp\/v2\/users\/1"}],"replies":[{"embeddable":true,"href":"https:\/\/bonaveri.com\/it\/wp-json\/wp\/v2\/comments?post=22571"}],"version-history":[{"count":6,"href":"https:\/\/bonaveri.com\/it\/wp-json\/wp\/v2\/pages\/22571\/revisions"}],"predecessor-version":[{"id":26425,"href":"https:\/\/bonaveri.com\/it\/wp-json\/wp\/v2\/pages\/22571\/revisions\/26425"}],"wp:attachment":[{"href":"https:\/\/bonaveri.com\/it\/wp-json\/wp\/v2\/media?parent=22571"}],"curies":[{"name":"wp","href":"https:\/\/api.w.org\/{rel}","templated":true}]}}