{"id":25677,"date":"2024-02-19T16:45:54","date_gmt":"2024-02-19T16:45:54","guid":{"rendered":"https:\/\/bonaveri.com\/?page_id=25677"},"modified":"2024-12-12T20:30:28","modified_gmt":"2024-12-12T20:30:28","slug":"whistleblowing","status":"publish","type":"page","link":"https:\/\/bonaveri.com\/it\/whistleblowing\/","title":{"rendered":"Comunicazione a tutti i Destinatari Canali Whistleblowing"},"content":{"rendered":"\n<h2>\n\t\t\n\t<\/h2>\n\t<p>Bonaveri Srl, in attuazione del d.lgs. n. 24 del 10 marzo 2023, emanato in attuazione del in attuazione della Direttiva (UE) 2019\/1937, e riguardante &#8220;la protezione delle persone che segnalano violazioni del diritto dell&#8217;Unione e recante disposizioni riguardanti la protezione delle persone che segnalano violazioni delle disposizioni normative nazionali&#8221;, ha rinnovato il proprio sistema di tutela dei soggetti che denunciano la commissione di reati all&#8217;interno della societ\u00e0.<\/p>\n<p>Per tale esigenza \u00e8 stato individuato quale responsabile della procedura l&#8217;Avv. Francesco De Sanzuane, designato alla ricezione e valutazione delle segnalazioni.<\/p>\n<p>Si potr\u00e0 dunque contattare il destinatario tramite comunicazione da rivolgere a:<\/p>\n<ol>\n<li>l&#8217;indirizzo <strong>whistleblowing@bonaveri.com<\/strong>; resta inteso che l&#8217; indirizzo di posta elettronica \u00e8 gestito esclusivamente dal Destinatario a tutela della riservatezza del segnalante;<\/li>\n<li><strong>in forma orale<\/strong>, alternativamente <strong>attraverso la linea telefonica dedicata<\/strong>, ivi riportata ed altres\u00ec scritta in bacheca &#8211; +(39) 347 369 11 86 &#8211; dotata altres\u00ec di sistemi di messaggistica vocale o tramite <strong>incontro diretto<\/strong>, su espressa richiesta del segnalante; ed in alternativa eventuale con<\/li>\n<li>comunicazione inviata attraverso la piattaforma informatica dedicata cliccando il\u00a0 bottone di seguito &#8220;Fai una segnalazione&#8221;.<\/li>\n<\/ol>\n<p>Qualora la segnalazione dovesse avvenire con il gi\u00e0 menzionato strumento informatico, i dati identificativi del segnalante saranno separati dal contenuto della segnalazione e conservati in maniera disgiunta dalla stessa, mediante adozione di un sistema crittografico. L&#8217;identit\u00e0 del segnalante potr\u00e0 essere recuperata nei casi in cui ci\u00f2 sia necessario per la difesa del segnalato o nell&#8217;ambito di un eventuale procedimento (disciplinare, penale etc.) a suo carico.<\/p>\n<p>Nel caso dovessero ricorrere le ipotesi di cui all&#8217;art. 6 del d.lgs. n. 24 del 10 marzo 2023, il segnalante potr\u00e0 rivolversi alle autorit\u00e0 competenti designate dalla nuova normativa, il c.d. canale esterno, ovvero:<\/p>\n<ul>\n<li>&#8211; A.N.A.C, tramite il portale dedicato al sito web dell&#8217;Agenzia <a href=\"http:\/\/www.anac.it\/\">www.anac.it<\/a>; oppure provvedere<\/li>\n<li>per Divulgazioni Pubbliche o Denunce all&#8217;autorit\u00e0 giudiziaria e contabile<\/li>\n<\/ul>\n\t\t\t<a href=\"https:\/\/www.iubenda.com\/whistleblowing-form\/it\/8a50e9fe-253d-420d-8fee-fc14cf23000e\" target=\"_blank\" rel=\"noopener\">\n\t\t\t\t\t\t\tFai una segnalazione\n\t\t\t\t\t<\/a>\n\n","protected":false},"excerpt":{"rendered":"<p>Bonaveri Srl, in attuazione del d.lgs. n. 24 del 10 marzo 2023, emanato in attuazione del in attuazione della Direttiva (UE) 2019\/1937, e riguardante &#8220;la protezione delle persone che segnalano violazioni del diritto dell&#8217;Unione e recante disposizioni riguardanti la protezione delle persone che segnalano violazioni delle disposizioni normative nazionali&#8221;, ha rinnovato il proprio sistema di [&hellip;]<\/p>\n","protected":false},"author":1,"featured_media":17728,"parent":0,"menu_order":0,"comment_status":"closed","ping_status":"closed","template":"","meta":{"_acf_changed":false,"site-sidebar-layout":"no-sidebar","site-content-layout":"page-builder","ast-site-content-layout":"full-width-container","site-content-style":"unboxed","site-sidebar-style":"unboxed","ast-global-header-display":"","ast-banner-title-visibility":"","ast-main-header-display":"","ast-hfb-above-header-display":"","ast-hfb-below-header-display":"","ast-hfb-mobile-header-display":"","site-post-title":"disabled","ast-breadcrumbs-content":"","ast-featured-img":"disabled","footer-sml-layout":"","ast-disable-related-posts":"","theme-transparent-header-meta":"default","adv-header-id-meta":"","stick-header-meta":"default","header-above-stick-meta":"","header-main-stick-meta":"","header-below-stick-meta":"","astra-migrate-meta-layouts":"set","ast-page-background-enabled":"enabled","ast-page-background-meta":{"desktop":{"background-color":"var(--ast-global-color-5)","background-image":"","background-repeat":"repeat","background-position":"center center","background-size":"auto","background-attachment":"scroll","background-type":"color","background-media":"","overlay-type":"","overlay-color":"","overlay-opacity":"","overlay-gradient":""},"tablet":{"background-color":"","background-image":"","background-repeat":"repeat","background-position":"center center","background-size":"auto","background-attachment":"scroll","background-type":"","background-media":"","overlay-type":"","overlay-color":"","overlay-opacity":"","overlay-gradient":""},"mobile":{"background-color":"","background-image":"","background-repeat":"repeat","background-position":"center center","background-size":"auto","background-attachment":"scroll","background-type":"","background-media":"","overlay-type":"","overlay-color":"","overlay-opacity":"","overlay-gradient":""}},"ast-content-background-meta":{"desktop":{"background-color":"var(--ast-global-color-5)","background-image":"","background-repeat":"repeat","background-position":"center center","background-size":"auto","background-attachment":"scroll","background-type":"","background-media":"","overlay-type":"","overlay-color":"","overlay-opacity":"","overlay-gradient":""},"tablet":{"background-color":"var(--ast-global-color-5)","background-image":"","background-repeat":"repeat","background-position":"center center","background-size":"auto","background-attachment":"scroll","background-type":"color","background-media":"","overlay-type":"","overlay-color":"","overlay-opacity":"","overlay-gradient":""},"mobile":{"background-color":"var(--ast-global-color-5)","background-image":"","background-repeat":"repeat","background-position":"center center","background-size":"auto","background-attachment":"scroll","background-type":"","background-media":"","overlay-type":"","overlay-color":"","overlay-opacity":"","overlay-gradient":""}},"footnotes":""},"class_list":["post-25677","page","type-page","status-publish","has-post-thumbnail","hentry"],"acf":{"page_label":"Comunicazione a tutti i Destinatari Canali Whistleblowing"},"_links":{"self":[{"href":"https:\/\/bonaveri.com\/it\/wp-json\/wp\/v2\/pages\/25677","targetHints":{"allow":["GET"]}}],"collection":[{"href":"https:\/\/bonaveri.com\/it\/wp-json\/wp\/v2\/pages"}],"about":[{"href":"https:\/\/bonaveri.com\/it\/wp-json\/wp\/v2\/types\/page"}],"author":[{"embeddable":true,"href":"https:\/\/bonaveri.com\/it\/wp-json\/wp\/v2\/users\/1"}],"replies":[{"embeddable":true,"href":"https:\/\/bonaveri.com\/it\/wp-json\/wp\/v2\/comments?post=25677"}],"version-history":[{"count":7,"href":"https:\/\/bonaveri.com\/it\/wp-json\/wp\/v2\/pages\/25677\/revisions"}],"predecessor-version":[{"id":26430,"href":"https:\/\/bonaveri.com\/it\/wp-json\/wp\/v2\/pages\/25677\/revisions\/26430"}],"wp:featuredmedia":[{"embeddable":true,"href":"https:\/\/bonaveri.com\/it\/wp-json\/wp\/v2\/media\/17728"}],"wp:attachment":[{"href":"https:\/\/bonaveri.com\/it\/wp-json\/wp\/v2\/media?parent=25677"}],"curies":[{"name":"wp","href":"https:\/\/api.w.org\/{rel}","templated":true}]}}